{"id":3,"date":"2019-12-13T07:49:18","date_gmt":"2019-12-13T07:49:18","guid":{"rendered":"https:\/\/vitinistudio.es\/bodas\/?page_id=3"},"modified":"2020-04-17T12:34:17","modified_gmt":"2020-04-17T12:34:17","slug":"politica-privacidad","status":"publish","type":"page","link":"https:\/\/vitinistudio.es\/bodas\/politica-privacidad\/","title":{"rendered":"Pol\u00edtica de Privacidad"},"content":{"rendered":"<p>El presente Pol\u00edtica de Privacidad establece los t\u00e9rminos en que usa y protege la informaci\u00f3n que es proporcionada por sus usuarios al momento de utilizar su sitio web. Esta compa\u00f1\u00eda est\u00e1 comprometida con la seguridad de los datos de sus usuarios. Cuando le pedimos llenar los campos de informaci\u00f3n personal con la cual usted pueda ser identificado, lo hacemos asegurando que s\u00f3lo se emplear\u00e1 de acuerdo con los t\u00e9rminos de este documento. Sin embargo, esta Pol\u00edtica de Privacidad puede cambiar con el tiempo o ser actualizada por lo que le recomendamos y enfatizamos revisar continuamente esta p\u00e1gina para asegurarse que est\u00e1 de acuerdo con dichos cambios.<\/p>\n<p><strong>\u00bfQui\u00e9n es el Responsable del tratamiento de sus datos?<\/strong><br \/>\nIdentidad: MARTA MAR\u00cdN VITINI \u2013 DNI:&nbsp; 75750266-L<br \/>\nDir. postal: C\/Bonanza 1 &#8211; Urb. Cerromolinos.&nbsp;Chiclana (C\u00e1diz)<br \/>\nCorreo elect: &nbsp;&#x6d;&#x61;&#x72;&#x74;&#x61;&#64;&#118;&#105;&#116;ini&#x73;&#x74;&#x75;&#x64;&#x69;&#x6f;&#46;&#101;&#115;<br \/>\nDelegado de Protecci\u00f3n de Datos: MARTA MAR\u00cdN VITINI<br \/>\nContacto DPD.: C\/Bonanza 1 &#8211; Urb. Cerromolinos (C\u00e1diz).<\/p>\n<p><strong>\u00bfCon qu\u00e9 finalidad tratamos sus datos personales?<\/strong><br \/>\nEn Cajundigital.es. tratamos la informaci\u00f3n que nos facilitan las personas interesadas con el fin de enviar, responder ofertas de nuestros servicios, enviar promociones y estudios a empresas, propiedad de vitinistudio.es y mantener contacto directo por correo electr\u00f3nico o llamada telef\u00f3nica. Tambi\u00e9n tratamos la informaci\u00f3n facilitada para la ejecuci\u00f3n de contratos de los servicios que vitinistudios oferta en la web vitinistudio.es cuando se den estos casos.<br \/>\nCon el fin de poder ofrecerle productos y servicios de acuerdo con sus intereses, crearemos un \u201cperfil comercial\u201d, en base a la informaci\u00f3n facilitada. No se tomar\u00e1n decisiones automatizadas en base a dicho perfil.<\/p>\n<p><strong>\u00bfPor cu\u00e1nto tiempo conservaremos sus datos?<\/strong><br \/>\nLos datos personales ser\u00e1n guardados durante el tiempo necesario para los fines del tratamiento de dichos datos o no se solicite su supresi\u00f3n por el interesado.<\/p>\n<p><strong>\u00bfCu\u00e1l es la legitimaci\u00f3n para el tratamiento de sus datos?<\/strong><br \/>\nLa base legal para el tratamiento de sus datos es la&nbsp;ejecuci\u00f3n de contratos de los servicios que vitinistudios oferta en la web vitinistudio.es solicitados que figura en su cartera de pedidos, seg\u00fan los t\u00e9rminos y condiciones que constan en la p\u00e1gina de contrataci\u00f3n de su pedido.<br \/>\nEl promociones, nuevos art\u00edculos publicados en la web que oferta vitinistudio.es, est\u00e1n basadas en el consentimiento que se le solicita, sin que en ning\u00fan caso la retirada de esta consentimiento condicione la ejecuci\u00f3n del contrato de suscripci\u00f3n.<\/p>\n<p><strong>\u00bfA qu\u00e9 destinatarios se comunicar\u00e1n sus datos?<\/strong><br \/>\nvitinistudio.es contrata su infraestructura virtual seg\u00fan un modelo de \u201ccomputaci\u00f3n en la nube\u201d a trav\u00e9s de &#8212;&#8212;&#8211; y al amparo del acuerdo EU-US Privacy Shield. \u2013 Informaci\u00f3n disponible en <a href=\"https:\/\/cubenode.com\/policies\/politicas_privavidad\/\">https:\/\/cubenode.com\/policies\/politicas_privavidad\/<\/a><\/p>\n<p><strong>\u00bfCu\u00e1les son sus derechos cuando nos facilita sus datos?<\/strong><br \/>\nCualquier persona tiene derecho a obtener confirmaci\u00f3n sobre si en cajundigital.es estamos tratando datos personales que les concierne, o no.<br \/>\nLas personas interesadas tienen derecho a acceder a sus datos personales, as\u00ed como a solicitar la rectificaci\u00f3n de los datos inexactos o, en su caso, solicitar su supresi\u00f3n cuando, entre otros motivos, los datos ya no sean necesarios para los fines que fueron recogidos. En determinadas circunstancias, los interesados podr\u00e1n solicitar la limitaci\u00f3n del tratamiento de sus datos, en cuyo caso \u00fanicamente los conservaremos para el ejercicio o la defensa de reclamaciones. En determinadas circunstancias y por motivos relacionados con su situaci\u00f3n particular, los interesados podr\u00e1n oponerse al tratamiento de sus datos. vitinistudio.es dejar\u00e1 de tratar los datos, salvo por motivos leg\u00edtimos imperiosos, o el ejercicio o la defensa de posibles reclamaciones.<\/p>\n<p>Las personas interesadas tienen derecho a la portabilidad de sus datos personales. vitinistudio.es facilita este derecho al interesado que desee ejercerlo. El interesado puede ejercer materialmente estos derechos mediante los enlaces de acceso que est\u00e1n disponibles en los correos electr\u00f3nicos recibidos por parte de cajundigital.es o solicitando la ejecuci\u00f3n de cualquiera de los derechos mencionados dirigi\u00e9ndose por correo electr\u00f3nico a <strong>&#109;&#x61;r&#116;&#x61;&#64;&#118;&#x69;t&#x69;&#x6e;&#105;&#x73;t&#117;&#x64;i&#111;&#x2e;e&#x73;.<\/strong><\/p>\n<p>Opcionalmente, puede redirigir el interesado a la Autoridad de Control competente para obtener informaci\u00f3n adicional acerca de sus derechos.<br \/>\nEl interesado tiene derecho a retirar el consentimiento concedido para recibir informaci\u00f3n de marketing y\/o newsletter en cualquier momento, sin que ello afecte a la licitud del tratamiento basado en el consentimiento previo a su retirada.<\/p>\n<p>El interesado pueden presentar una reclamaci\u00f3n ante la Autoridad de Control en materia de Protecci\u00f3n de Datos competente, especialmente cuando no haya obtenido satisfacci\u00f3n en el ejercicio de sus derechos por parte de vitinistudio.es.<\/p>\n<p><em>EXENCI\u00d3N DE RESPONSABILIDAD: el presente contenido no representa una obra maestra sobre la privacidad de los datos en la UE ni tampoco pretende brindar asesoramiento legal para que tu empresa cumpla con las leyes de privacidad de datos, como el RGPD. Por el contrario, proporciona informaci\u00f3n que te ayudar\u00e1 a comprender mejor c\u00f3mo abordar algunas cuestiones legales importantes. Recomendamos solicitar asesoramiento a un especialista en protecci\u00f3n de datos y a las autoridades pertinentes.<\/em><\/p>\n","protected":false},"excerpt":{"rendered":"<p>El presente Pol\u00edtica de Privacidad establece los t\u00e9rminos en que usa y protege la informaci\u00f3n que es proporcionada por sus usuarios al momento de utilizar su sitio web. Esta compa\u00f1\u00eda&#8230;<\/p>\n","protected":false},"author":5,"featured_media":0,"parent":0,"menu_order":0,"comment_status":"closed","ping_status":"open","template":"","meta":{"footnotes":"","_joinchat":[]},"yoast_head":"<!-- This site is optimized with the Yoast SEO plugin v22.3 - https:\/\/yoast.com\/wordpress\/plugins\/seo\/ -->\n<title>Pol\u00edtica de Privacidad - Vitini Studio Bodas<\/title>\n<meta name=\"robots\" content=\"index, follow, max-snippet:-1, max-image-preview:large, max-video-preview:-1\" \/>\n<link rel=\"canonical\" href=\"https:\/\/vitinistudio.es\/bodas\/politica-privacidad\/\" \/>\n<meta property=\"og:locale\" content=\"es_ES\" \/>\n<meta property=\"og:type\" content=\"article\" \/>\n<meta property=\"og:title\" content=\"Pol\u00edtica de Privacidad - Vitini Studio Bodas\" \/>\n<meta property=\"og:description\" content=\"El presente Pol\u00edtica de Privacidad establece los t\u00e9rminos en que usa y protege la informaci\u00f3n que es proporcionada por sus usuarios al momento de utilizar su sitio web. Esta compa\u00f1\u00eda...\" \/>\n<meta property=\"og:url\" content=\"https:\/\/vitinistudio.es\/bodas\/politica-privacidad\/\" \/>\n<meta property=\"og:site_name\" content=\"Vitini Studio Bodas\" \/>\n<meta property=\"article:modified_time\" content=\"2020-04-17T12:34:17+00:00\" \/>\n<meta name=\"twitter:card\" content=\"summary_large_image\" \/>\n<meta name=\"twitter:label1\" content=\"Tiempo de lectura\" \/>\n\t<meta name=\"twitter:data1\" content=\"4 minutos\" \/>\n<script type=\"application\/ld+json\" class=\"yoast-schema-graph\">{\"@context\":\"https:\/\/schema.org\",\"@graph\":[{\"@type\":\"WebPage\",\"@id\":\"https:\/\/vitinistudio.es\/bodas\/politica-privacidad\/\",\"url\":\"https:\/\/vitinistudio.es\/bodas\/politica-privacidad\/\",\"name\":\"Pol\u00edtica de Privacidad - Vitini Studio Bodas\",\"isPartOf\":{\"@id\":\"https:\/\/vitinistudio.es\/bodas\/#website\"},\"datePublished\":\"2019-12-13T07:49:18+00:00\",\"dateModified\":\"2020-04-17T12:34:17+00:00\",\"breadcrumb\":{\"@id\":\"https:\/\/vitinistudio.es\/bodas\/politica-privacidad\/#breadcrumb\"},\"inLanguage\":\"es\",\"potentialAction\":[{\"@type\":\"ReadAction\",\"target\":[\"https:\/\/vitinistudio.es\/bodas\/politica-privacidad\/\"]}]},{\"@type\":\"BreadcrumbList\",\"@id\":\"https:\/\/vitinistudio.es\/bodas\/politica-privacidad\/#breadcrumb\",\"itemListElement\":[{\"@type\":\"ListItem\",\"position\":1,\"name\":\"Portada\",\"item\":\"https:\/\/vitinistudio.es\/bodas\/\"},{\"@type\":\"ListItem\",\"position\":2,\"name\":\"Pol\u00edtica de Privacidad\"}]},{\"@type\":\"WebSite\",\"@id\":\"https:\/\/vitinistudio.es\/bodas\/#website\",\"url\":\"https:\/\/vitinistudio.es\/bodas\/\",\"name\":\"Vitini Studio Bodas\",\"description\":\"Imagina el mejor d\u00eda de tu vida en v\u00eddeo\",\"potentialAction\":[{\"@type\":\"SearchAction\",\"target\":{\"@type\":\"EntryPoint\",\"urlTemplate\":\"https:\/\/vitinistudio.es\/bodas\/?s={search_term_string}\"},\"query-input\":\"required name=search_term_string\"}],\"inLanguage\":\"es\"}]}<\/script>\n<!-- \/ Yoast SEO plugin. -->","yoast_head_json":{"title":"Pol\u00edtica de Privacidad - Vitini Studio Bodas","robots":{"index":"index","follow":"follow","max-snippet":"max-snippet:-1","max-image-preview":"max-image-preview:large","max-video-preview":"max-video-preview:-1"},"canonical":"https:\/\/vitinistudio.es\/bodas\/politica-privacidad\/","og_locale":"es_ES","og_type":"article","og_title":"Pol\u00edtica de Privacidad - Vitini Studio Bodas","og_description":"El presente Pol\u00edtica de Privacidad establece los t\u00e9rminos en que usa y protege la informaci\u00f3n que es proporcionada por sus usuarios al momento de utilizar su sitio web. Esta compa\u00f1\u00eda...","og_url":"https:\/\/vitinistudio.es\/bodas\/politica-privacidad\/","og_site_name":"Vitini Studio Bodas","article_modified_time":"2020-04-17T12:34:17+00:00","twitter_card":"summary_large_image","twitter_misc":{"Tiempo de lectura":"4 minutos"},"schema":{"@context":"https:\/\/schema.org","@graph":[{"@type":"WebPage","@id":"https:\/\/vitinistudio.es\/bodas\/politica-privacidad\/","url":"https:\/\/vitinistudio.es\/bodas\/politica-privacidad\/","name":"Pol\u00edtica de Privacidad - Vitini Studio Bodas","isPartOf":{"@id":"https:\/\/vitinistudio.es\/bodas\/#website"},"datePublished":"2019-12-13T07:49:18+00:00","dateModified":"2020-04-17T12:34:17+00:00","breadcrumb":{"@id":"https:\/\/vitinistudio.es\/bodas\/politica-privacidad\/#breadcrumb"},"inLanguage":"es","potentialAction":[{"@type":"ReadAction","target":["https:\/\/vitinistudio.es\/bodas\/politica-privacidad\/"]}]},{"@type":"BreadcrumbList","@id":"https:\/\/vitinistudio.es\/bodas\/politica-privacidad\/#breadcrumb","itemListElement":[{"@type":"ListItem","position":1,"name":"Portada","item":"https:\/\/vitinistudio.es\/bodas\/"},{"@type":"ListItem","position":2,"name":"Pol\u00edtica de Privacidad"}]},{"@type":"WebSite","@id":"https:\/\/vitinistudio.es\/bodas\/#website","url":"https:\/\/vitinistudio.es\/bodas\/","name":"Vitini Studio Bodas","description":"Imagina el mejor d\u00eda de tu vida en v\u00eddeo","potentialAction":[{"@type":"SearchAction","target":{"@type":"EntryPoint","urlTemplate":"https:\/\/vitinistudio.es\/bodas\/?s={search_term_string}"},"query-input":"required name=search_term_string"}],"inLanguage":"es"}]}},"_links":{"self":[{"href":"https:\/\/vitinistudio.es\/bodas\/wp-json\/wp\/v2\/pages\/3"}],"collection":[{"href":"https:\/\/vitinistudio.es\/bodas\/wp-json\/wp\/v2\/pages"}],"about":[{"href":"https:\/\/vitinistudio.es\/bodas\/wp-json\/wp\/v2\/types\/page"}],"author":[{"embeddable":true,"href":"https:\/\/vitinistudio.es\/bodas\/wp-json\/wp\/v2\/users\/5"}],"replies":[{"embeddable":true,"href":"https:\/\/vitinistudio.es\/bodas\/wp-json\/wp\/v2\/comments?post=3"}],"version-history":[{"count":3,"href":"https:\/\/vitinistudio.es\/bodas\/wp-json\/wp\/v2\/pages\/3\/revisions"}],"predecessor-version":[{"id":428,"href":"https:\/\/vitinistudio.es\/bodas\/wp-json\/wp\/v2\/pages\/3\/revisions\/428"}],"wp:attachment":[{"href":"https:\/\/vitinistudio.es\/bodas\/wp-json\/wp\/v2\/media?parent=3"}],"curies":[{"name":"wp","href":"https:\/\/api.w.org\/{rel}","templated":true}]}}